{"id":918,"date":"2019-11-22T17:20:11","date_gmt":"2019-11-22T16:20:11","guid":{"rendered":"https:\/\/cartylis.com\/termos-e-condicoes\/"},"modified":"2019-11-22T17:20:12","modified_gmt":"2019-11-22T16:20:12","slug":"termos-e-condicoes","status":"publish","type":"page","link":"https:\/\/cartylis.com\/pt-br\/termos-e-condicoes\/","title":{"rendered":"Termos e Condi\u00e7\u00f5es"},"content":{"rendered":"\t\t<div data-elementor-type=\"wp-page\" data-elementor-id=\"918\" class=\"elementor elementor-918 elementor-914\">\n\t\t\t\t\t\t<section class=\"elementor-section elementor-top-section elementor-element elementor-element-58c42280 elementor-section-boxed elementor-section-height-default elementor-section-height-default\" data-id=\"58c42280\" data-element_type=\"section\" data-e-type=\"section\">\n\t\t\t\t\t\t<div class=\"elementor-container elementor-column-gap-default\">\n\t\t\t\t\t<div class=\"elementor-column elementor-col-100 elementor-top-column elementor-element elementor-element-57c2bfbf\" data-id=\"57c2bfbf\" data-element_type=\"column\" data-e-type=\"column\">\n\t\t\t<div class=\"elementor-widget-wrap elementor-element-populated\">\n\t\t\t\t\t\t<div class=\"elementor-element elementor-element-73ff3093 elementor-widget elementor-widget-text-editor\" data-id=\"73ff3093\" data-element_type=\"widget\" data-e-type=\"widget\" data-widget_type=\"text-editor.default\">\n\t\t\t\t<div class=\"elementor-widget-container\">\n\t\t\t\t\t\t\t\t\t<h3>TERMOS DE USO DO SITE APTISSEN<\/h3>\n<p>POR FAVOR, LEIA E REVISE OS TERMOS E CONDI\u00c7\u00d5ESA SEGUIR CUIDADOSAMENTE ANTES DE USAR ESTE WEBSITE. Ao utilizar este site, voc\u00ea concorda com estes termos e condi\u00e7\u00f5es. Se voc\u00ea n\u00e3o concordar, por favor desconecte-se do site e desconsidere as informa\u00e7\u00f5es aqui contidas.<\/p>\n<h3>INFORMA\u00c7\u00d5ES GERAIS<\/h3>\n<p>Este site cont\u00e9m material sobre Aptissen S.A, que pode ser de interesse para os funcion\u00e1rios e clientes da Aptissen, bem como para os membros da comunidade de sa\u00fade e o p\u00fablico em geral. Por favor, sinta-se livre para navegar neste site. Seu acesso e uso das informa\u00e7\u00f5es contidas neste documento est\u00e3o sujeitos aos seguintes termos e condi\u00e7\u00f5es e todas as leis aplic\u00e1veis. Ao acessar e navegar neste site, voc\u00ea aceita, sem limita\u00e7\u00e3o ou qualifica\u00e7\u00e3o, estes termos e condi\u00e7\u00f5es e reconhece que eles substituem qualquer outro acordo entre voc\u00ea e a Aptissen. Aptissen mant\u00e9m este site para seu uso pessoal. Este site e seu conte\u00fado s\u00e3o destinados a cumprir as leis e regulamentos da Su\u00ed\u00e7a. Embora voc\u00ea possa acessar este site de fora da Su\u00ed\u00e7a, ele \u00e9 administrado e gerenciado na Su\u00ed\u00e7a.<\/p>\n<h3>INFORMA\u00c7\u00d5ES M\u00c9DICAS \/ CONDI\u00c7\u00d5ES<\/h3>\n<p>Por favor, observe que as informa\u00e7\u00f5es do produto apresentadas neste site se destinam apenas a conveni\u00eancia do visitante como um breve resumo em rela\u00e7\u00e3o \u00e0s atividades da Aptissen S.A. Nem todos os produtos ou indica\u00e7\u00f5es s\u00e3o licenciados em todos os pa\u00edses e podem estar sujeitos a outras varia\u00e7\u00f5es locais. Para informa\u00e7\u00f5es espec\u00edficas sobre o produto, voc\u00ea deve sempre consultar o resumo local das caracter\u00edsticas do produto. Para aconselhamento sobre quest\u00f5es m\u00e9dicas, voc\u00ea deve sempre consultar seu m\u00e9dico local. Embora possa haver informa\u00e7\u00f5es neste site relacionadas a certas condi\u00e7\u00f5es m\u00e9dicas e seu tratamento, caso haja uma condi\u00e7\u00e3o m\u00e9dica, consulte imediatamente seu m\u00e9dico ou profissional de sa\u00fade. Aptissen n\u00e3o oferece diagn\u00f3stico m\u00e9dico personalizado ou aconselhamento espec\u00edfico para o paciente. Na verdade, apenas o seu m\u00e9dico ou outro profissional de sa\u00fade, como um intermedi\u00e1rio instru\u00eddo, pode determinar se os produtos descritos neste site s\u00e3o apropriados para voc\u00ea.<\/p>\n<h5><strong>POR FAVOR, CONSULTE O SEU M\u00c9DICO OU OUTRO PROFISSIONAL DE SA\u00daDE QUALIFICADO ANTES DE UTILIZAR QUALQUER PRODUTO DESTE WEBSITE.<\/strong><\/h5>\n<h3>DIREITOS AUTORAIS E RESTRI\u00c7\u00c3O AO USO DO MATERIAL (USO N\u00c3O COMERCIAL)<\/h3>\n<p>Este site \u00e9 protegido por direitos autorais. Qualquer material textual ou gr\u00e1fico copiado, impresso ou baixado deste site \u00e9 licenciado para voc\u00ea pela Aptissen S.A. apenas para seu uso pessoal e n\u00e3o comercial, desde que n\u00e3o altere ou exclua quaisquer direitos autorais, marcas comerciais ou outros avisos de propriedade.<\/p>\n<h3>LIMITA\u00c7\u00c3O DE RESPONSABILIDADE<\/h3>\n<p>A Aptissen envidar\u00e1 esfor\u00e7os razo\u00e1veis para incluir informa\u00e7\u00f5es precisas, completas e atualizadas neste site, mas a Aptissen n\u00e3o oferece garantias ou representa\u00e7\u00f5es quanto \u00e0 sua exatid\u00e3o, integridade ou frequ\u00eancia que \u00e9 atualizada. Todos os usu\u00e1rios concordam que o acesso a este site \u00e9 por sua conta e risco e que nem a Aptissen nem qualquer outra parte envolvida na cria\u00e7\u00e3o ou distribui\u00e7\u00e3o deste site ser\u00e1 respons\u00e1vel por danos de qualquer natureza, incluindo, sem limita\u00e7\u00e3o, qualquer a\u00e7\u00e3o especial, direta ou indireta, danos incidentais ou consequenciais ou punitivos decorrentes do acesso ou uso das informa\u00e7\u00f5es contidas neste site, ou quaisquer erros ou omiss\u00f5es, erros de impress\u00e3o, informa\u00e7\u00f5es desatualizadas, imprecis\u00f5es t\u00e9cnicas ou de pre\u00e7os, erros tipogr\u00e1ficos ou outros erros que apare\u00e7am neste site. Essa limita\u00e7\u00e3o inclui danos ou v\u00edrus que possam infectar seu computador.<\/p>\n<h3>AVISO LEGAL<\/h3>\n<p>Informa\u00e7\u00f5es e materiais relacionados est\u00e3o sujeitos a altera\u00e7\u00f5es sem aviso pr\u00e9vio. Este site, e todas as informa\u00e7\u00f5es e materiais relacionados que ele cont\u00e9m, s\u00e3o fornecidos \u201ccomo est\u00e3o\u201d. A Aptissen n\u00e3o faz nenhuma representa\u00e7\u00e3o ou garantia em rela\u00e7\u00e3o \u00e0 integridade, precis\u00e3o, \u201catualiza\u00e7\u00e3o\u201d, ou adequa\u00e7\u00e3o ou cabimento, funcionalidade, disponibilidade ou opera\u00e7\u00e3o deste site ou das informa\u00e7\u00f5es ou materiais nele contidos. Ao utilizar este site, voc\u00ea assume o risco de que as informa\u00e7\u00f5es e materiais neste site estejam incompletos, imprecisos, desatualizados ou n\u00e3o atendam \u00e0s suas necessidades e exig\u00eancias. A Aptissen especificamente se isenta de todas as garantias, expressas ou impl\u00edcitas, incluindo, sem limita\u00e7\u00e3o, as garantias ou comercializa\u00e7\u00e3o, adequa\u00e7\u00e3o a uma finalidade espec\u00edfica e n\u00e3o infra\u00e7\u00e3o em rela\u00e7\u00e3o a este site e informa\u00e7\u00f5es, gr\u00e1ficos e materiais aqui contidos.<\/p>\n<h3>LINKS PARA OUTROS SITES<\/h3>\n<p>Este site pode conter links para, ou ser acessado a partir de links em outros sites em todo o mundo. A Aptissen pode n\u00e3o ter responsabilidade ou controle sobre o conte\u00fado, disponibilidade, opera\u00e7\u00e3o ou desempenho de outros sites aos quais este site possa estar vinculado ou a partir dos quais este site possa ser acessado. A Aptissen n\u00e3o faz nenhuma representa\u00e7\u00e3o em rela\u00e7\u00e3o ao conte\u00fado de qualquer outro site que voc\u00ea possa acessar neste site.<\/p>\n<h3>SOBRE SUA PRIVACIDADE<\/h3>\n<p>O acesso a este site pode ser monitorado por Aptissen. Se monitorado, as URLs solicitantes, a m\u00e1quina que originou a solicita\u00e7\u00e3o e a hora da solicita\u00e7\u00e3o, ser\u00e3o registradas para estat\u00edsticas de acesso e fins de seguran\u00e7a. Seu uso e acesso a este website constituem seu consentimento para tal monitoramento geral. Consulte a POL\u00cdTICA DE PRIVACIDADE DA APTISSEN para obter detalhes sobre como as informa\u00e7\u00f5es do site podem ser coletadas e usadas.<\/p>\n<h3>MARCAS REGISTRADAS<\/h3>\n<p>Aptissen, Cartylis nomes comerciais e logotipos da Healavis que aparecem neste website s\u00e3o marcas registradas da Aptissen S.A. Todos os produtos ou nomes comerciais de terceiros que aparecem neste site s\u00e3o de propriedade de seus respectivos donos e a Aptissen n\u00e3o reivindica qualquer propriedade neles.<\/p>\n<h3>NENHUMA LICEN\u00c7A<\/h3>\n<p>Nada neste site deve ser interpretado como conferindo por implica\u00e7\u00e3o, preclus\u00e3o ou de outra forma, qualquer licen\u00e7a ou direito de usar de qualquer forma ou maneira qualquer patente, direito autoral ou marca registrada da Aptissen.<\/p>\n<h3>APRESENTA\u00c7\u00d5ES (INFORMA\u00c7\u00d5ES PARA APTISSEN)<\/h3>\n<p>A apresenta\u00e7\u00e3o de qualquer informa\u00e7\u00e3o n\u00e3o solicitada, como perguntas, coment\u00e1rios ou sugest\u00f5es, \u00e0 Aptissen, seja atrav\u00e9s deste site ou por qualquer outro meio de comunica\u00e7\u00e3o, N\u00c3O ser\u00e1 considerada confidencial. A Aptissen n\u00e3o ter\u00e1 nenhuma obriga\u00e7\u00e3o de qualquer tipo com voc\u00ea com rela\u00e7\u00e3o a tais informa\u00e7\u00f5es. Ao enviar qualquer informa\u00e7\u00e3o \u00e0 Aptissen, voc\u00ea entende que a Aptissen estar\u00e1 livre para reproduzir, usar, divulgar, mostrar, exibir, transmitir, executar, criar trabalhos derivados e distribuir as informa\u00e7\u00f5es para outras pessoas sem limita\u00e7\u00e3o, e autorizar outras pessoas a fazerem o mesmo. Al\u00e9m disso, Aptissen estar\u00e1 livre para usar quaisquer ideias, conceitos, know-how ou t\u00e9cnicas contidas em tais informa\u00e7\u00f5es para qualquer finalidade, incluindo, mas n\u00e3o limitado a, desenvolvimento, fabrica\u00e7\u00e3o e comercializa\u00e7\u00e3o de produtos e outros itens incorporando tais ideias, conceitos, know-how ou t\u00e9cnicas.<\/p>\n<h3>OUTROS<\/h3>\n<p>Estes termos de uso do site ser\u00e3o regidos e interpretados de acordo com as leis da Su\u00ed\u00e7a. Se qualquer disposi\u00e7\u00e3o aqui contida for considerada ilegal, nula ou, por qualquer raz\u00e3o, inaplic\u00e1vel, tal disposi\u00e7\u00e3o ser\u00e1 eliminada ou limitada \u00e0 extens\u00e3o m\u00ednima necess\u00e1ria, e tal elimina\u00e7\u00e3o ou limita\u00e7\u00e3o n\u00e3o afetar\u00e1 a validade e a aplicabilidade de quaisquer disposi\u00e7\u00f5es remanescentes. Esses termos de uso do site constituem o contrato integral entre a Aptissen e voc\u00ea relacionado ao assunto aqui tratado e voc\u00ea concorda em indenizar a Aptissen por quaisquer reivindica\u00e7\u00f5es ou danos resultantes de sua falha em cumprir estes termos e condi\u00e7\u00f5es. O site da Aptissen pode estar indispon\u00edvel de tempos em tempos devido a falhas, atualiza\u00e7\u00f5es ou constru\u00e7\u00f5es mec\u00e2nicas, de telecomunica\u00e7\u00f5es, de software, de hardware e de fornecedores terceirizados. A Aptissen n\u00e3o pode prever ou controlar quando tal indisponibilidade pode ocorrer e n\u00e3o pode controlar a dura\u00e7\u00e3o ou ser responsabilizada por quaisquer danos resultantes de tal indisponibilidade. A Aptissen se reserva o direito de alterar ou excluir material deste site a qualquer momento. A Aptissen poder\u00e1, a qualquer momento, revisar estes Termos de Uso do Site, atualizando esta publica\u00e7\u00e3o. Voc\u00ea est\u00e1 sujeito a tais revis\u00f5es e, portanto, deve revisar periodicamente esses termos para revisar os Termos de Uso atuais.<\/p>\n\t\t\t\t\t\t\t\t<\/div>\n\t\t\t\t<\/div>\n\t\t\t\t\t<\/div>\n\t\t<\/div>\n\t\t\t\t\t<\/div>\n\t\t<\/section>\n\t\t\t\t<\/div>\n\t\t","protected":false},"excerpt":{"rendered":"<p>TERMOS DE USO DO SITE APTISSEN POR FAVOR, LEIA E REVISE OS TERMOS E CONDI\u00c7\u00d5ESA SEGUIR CUIDADOSAMENTE ANTES DE USAR ESTE WEBSITE. Ao utilizar este site, voc\u00ea concorda com estes termos e condi\u00e7\u00f5es. Se voc\u00ea n\u00e3o concordar, por favor desconecte-se do site e desconsidere as informa\u00e7\u00f5es aqui contidas. INFORMA\u00c7\u00d5ES GERAIS Este site cont\u00e9m material sobre &#8230; <a title=\"Termos e Condi\u00e7\u00f5es\" class=\"read-more\" href=\"https:\/\/cartylis.com\/pt-br\/termos-e-condicoes\/\">Ler mais <span class=\"screen-reader-text\">Termos e Condi\u00e7\u00f5es<\/span><\/a><\/p>\n","protected":false},"author":1,"featured_media":0,"parent":0,"menu_order":0,"comment_status":"closed","ping_status":"closed","template":"","meta":{"footnotes":""},"class_list":["post-918","page","type-page","status-publish"],"yoast_head":"<!-- This site is optimized with the Yoast SEO plugin v27.2 - https:\/\/yoast.com\/product\/yoast-seo-wordpress\/ -->\n<title>Termos e Condi\u00e7\u00f5es - Cartylis<\/title>\n<meta name=\"robots\" content=\"index, follow, max-snippet:-1, max-image-preview:large, max-video-preview:-1\" \/>\n<link rel=\"canonical\" href=\"https:\/\/cartylis.com\/pt-br\/termos-e-condicoes\/\" \/>\n<meta property=\"og:locale\" content=\"pt_BR\" \/>\n<meta property=\"og:type\" content=\"article\" \/>\n<meta property=\"og:title\" content=\"Termos e Condi\u00e7\u00f5es - Cartylis\" \/>\n<meta property=\"og:description\" content=\"TERMOS DE USO DO SITE APTISSEN POR FAVOR, LEIA E REVISE OS TERMOS E CONDI\u00c7\u00d5ESA SEGUIR CUIDADOSAMENTE ANTES DE USAR ESTE WEBSITE. Ao utilizar este site, voc\u00ea concorda com estes termos e condi\u00e7\u00f5es. Se voc\u00ea n\u00e3o concordar, por favor desconecte-se do site e desconsidere as informa\u00e7\u00f5es aqui contidas. INFORMA\u00c7\u00d5ES GERAIS Este site cont\u00e9m material sobre ... Ler mais Termos e Condi\u00e7\u00f5es\" \/>\n<meta property=\"og:url\" content=\"https:\/\/cartylis.com\/pt-br\/termos-e-condicoes\/\" \/>\n<meta property=\"og:site_name\" content=\"Cartylis\" \/>\n<meta property=\"article:modified_time\" content=\"2019-11-22T16:20:12+00:00\" \/>\n<meta name=\"twitter:card\" content=\"summary_large_image\" \/>\n<meta name=\"twitter:label1\" content=\"Est. tempo de leitura\" \/>\n\t<meta name=\"twitter:data1\" content=\"7 minutos\" \/>\n<script type=\"application\/ld+json\" class=\"yoast-schema-graph\">{\"@context\":\"https:\/\/schema.org\",\"@graph\":[{\"@type\":\"WebPage\",\"@id\":\"https:\/\/cartylis.com\/pt-br\/termos-e-condicoes\/\",\"url\":\"https:\/\/cartylis.com\/pt-br\/termos-e-condicoes\/\",\"name\":\"Termos e Condi\u00e7\u00f5es - Cartylis\",\"isPartOf\":{\"@id\":\"https:\/\/cartylis.com\/pt-br\/#website\"},\"datePublished\":\"2019-11-22T16:20:11+00:00\",\"dateModified\":\"2019-11-22T16:20:12+00:00\",\"breadcrumb\":{\"@id\":\"https:\/\/cartylis.com\/pt-br\/termos-e-condicoes\/#breadcrumb\"},\"inLanguage\":\"pt-BR\",\"potentialAction\":[{\"@type\":\"ReadAction\",\"target\":[\"https:\/\/cartylis.com\/pt-br\/termos-e-condicoes\/\"]}]},{\"@type\":\"BreadcrumbList\",\"@id\":\"https:\/\/cartylis.com\/pt-br\/termos-e-condicoes\/#breadcrumb\",\"itemListElement\":[{\"@type\":\"ListItem\",\"position\":1,\"name\":\"Home\",\"item\":\"https:\/\/cartylis.com\/pt-br\/\"},{\"@type\":\"ListItem\",\"position\":2,\"name\":\"Termos e Condi\u00e7\u00f5es\"}]},{\"@type\":\"WebSite\",\"@id\":\"https:\/\/cartylis.com\/pt-br\/#website\",\"url\":\"https:\/\/cartylis.com\/pt-br\/\",\"name\":\"Cartylis\",\"description\":\"Cartylis\",\"publisher\":{\"@id\":\"https:\/\/cartylis.com\/pt-br\/#organization\"},\"potentialAction\":[{\"@type\":\"SearchAction\",\"target\":{\"@type\":\"EntryPoint\",\"urlTemplate\":\"https:\/\/cartylis.com\/pt-br\/?s={search_term_string}\"},\"query-input\":{\"@type\":\"PropertyValueSpecification\",\"valueRequired\":true,\"valueName\":\"search_term_string\"}}],\"inLanguage\":\"pt-BR\"},{\"@type\":\"Organization\",\"@id\":\"https:\/\/cartylis.com\/pt-br\/#organization\",\"name\":\"Cartylis\",\"url\":\"https:\/\/cartylis.com\/pt-br\/\",\"logo\":{\"@type\":\"ImageObject\",\"inLanguage\":\"pt-BR\",\"@id\":\"https:\/\/cartylis.com\/pt-br\/#\/schema\/logo\/image\/\",\"url\":\"https:\/\/cartylis.com\/wp-content\/uploads\/2019\/09\/LOGO-HAUT.png\",\"contentUrl\":\"https:\/\/cartylis.com\/wp-content\/uploads\/2019\/09\/LOGO-HAUT.png\",\"width\":363,\"height\":89,\"caption\":\"Cartylis\"},\"image\":{\"@id\":\"https:\/\/cartylis.com\/pt-br\/#\/schema\/logo\/image\/\"}}]}<\/script>\n<!-- \/ Yoast SEO plugin. -->","yoast_head_json":{"title":"Termos e Condi\u00e7\u00f5es - Cartylis","robots":{"index":"index","follow":"follow","max-snippet":"max-snippet:-1","max-image-preview":"max-image-preview:large","max-video-preview":"max-video-preview:-1"},"canonical":"https:\/\/cartylis.com\/pt-br\/termos-e-condicoes\/","og_locale":"pt_BR","og_type":"article","og_title":"Termos e Condi\u00e7\u00f5es - Cartylis","og_description":"TERMOS DE USO DO SITE APTISSEN POR FAVOR, LEIA E REVISE OS TERMOS E CONDI\u00c7\u00d5ESA SEGUIR CUIDADOSAMENTE ANTES DE USAR ESTE WEBSITE. Ao utilizar este site, voc\u00ea concorda com estes termos e condi\u00e7\u00f5es. Se voc\u00ea n\u00e3o concordar, por favor desconecte-se do site e desconsidere as informa\u00e7\u00f5es aqui contidas. INFORMA\u00c7\u00d5ES GERAIS Este site cont\u00e9m material sobre ... Ler mais Termos e Condi\u00e7\u00f5es","og_url":"https:\/\/cartylis.com\/pt-br\/termos-e-condicoes\/","og_site_name":"Cartylis","article_modified_time":"2019-11-22T16:20:12+00:00","twitter_card":"summary_large_image","twitter_misc":{"Est. tempo de leitura":"7 minutos"},"schema":{"@context":"https:\/\/schema.org","@graph":[{"@type":"WebPage","@id":"https:\/\/cartylis.com\/pt-br\/termos-e-condicoes\/","url":"https:\/\/cartylis.com\/pt-br\/termos-e-condicoes\/","name":"Termos e Condi\u00e7\u00f5es - Cartylis","isPartOf":{"@id":"https:\/\/cartylis.com\/pt-br\/#website"},"datePublished":"2019-11-22T16:20:11+00:00","dateModified":"2019-11-22T16:20:12+00:00","breadcrumb":{"@id":"https:\/\/cartylis.com\/pt-br\/termos-e-condicoes\/#breadcrumb"},"inLanguage":"pt-BR","potentialAction":[{"@type":"ReadAction","target":["https:\/\/cartylis.com\/pt-br\/termos-e-condicoes\/"]}]},{"@type":"BreadcrumbList","@id":"https:\/\/cartylis.com\/pt-br\/termos-e-condicoes\/#breadcrumb","itemListElement":[{"@type":"ListItem","position":1,"name":"Home","item":"https:\/\/cartylis.com\/pt-br\/"},{"@type":"ListItem","position":2,"name":"Termos e Condi\u00e7\u00f5es"}]},{"@type":"WebSite","@id":"https:\/\/cartylis.com\/pt-br\/#website","url":"https:\/\/cartylis.com\/pt-br\/","name":"Cartylis","description":"Cartylis","publisher":{"@id":"https:\/\/cartylis.com\/pt-br\/#organization"},"potentialAction":[{"@type":"SearchAction","target":{"@type":"EntryPoint","urlTemplate":"https:\/\/cartylis.com\/pt-br\/?s={search_term_string}"},"query-input":{"@type":"PropertyValueSpecification","valueRequired":true,"valueName":"search_term_string"}}],"inLanguage":"pt-BR"},{"@type":"Organization","@id":"https:\/\/cartylis.com\/pt-br\/#organization","name":"Cartylis","url":"https:\/\/cartylis.com\/pt-br\/","logo":{"@type":"ImageObject","inLanguage":"pt-BR","@id":"https:\/\/cartylis.com\/pt-br\/#\/schema\/logo\/image\/","url":"https:\/\/cartylis.com\/wp-content\/uploads\/2019\/09\/LOGO-HAUT.png","contentUrl":"https:\/\/cartylis.com\/wp-content\/uploads\/2019\/09\/LOGO-HAUT.png","width":363,"height":89,"caption":"Cartylis"},"image":{"@id":"https:\/\/cartylis.com\/pt-br\/#\/schema\/logo\/image\/"}}]}},"_links":{"self":[{"href":"https:\/\/cartylis.com\/pt-br\/wp-json\/wp\/v2\/pages\/918","targetHints":{"allow":["GET"]}}],"collection":[{"href":"https:\/\/cartylis.com\/pt-br\/wp-json\/wp\/v2\/pages"}],"about":[{"href":"https:\/\/cartylis.com\/pt-br\/wp-json\/wp\/v2\/types\/page"}],"author":[{"embeddable":true,"href":"https:\/\/cartylis.com\/pt-br\/wp-json\/wp\/v2\/users\/1"}],"replies":[{"embeddable":true,"href":"https:\/\/cartylis.com\/pt-br\/wp-json\/wp\/v2\/comments?post=918"}],"version-history":[{"count":1,"href":"https:\/\/cartylis.com\/pt-br\/wp-json\/wp\/v2\/pages\/918\/revisions"}],"predecessor-version":[{"id":919,"href":"https:\/\/cartylis.com\/pt-br\/wp-json\/wp\/v2\/pages\/918\/revisions\/919"}],"wp:attachment":[{"href":"https:\/\/cartylis.com\/pt-br\/wp-json\/wp\/v2\/media?parent=918"}],"curies":[{"name":"wp","href":"https:\/\/api.w.org\/{rel}","templated":true}]}}