{"id":920,"date":"2019-11-22T17:25:59","date_gmt":"2019-11-22T16:25:59","guid":{"rendered":"https:\/\/cartylis.com\/warunki-korzystania-ze-strony-internetowej-aptissen\/"},"modified":"2019-11-22T17:27:31","modified_gmt":"2019-11-22T16:27:31","slug":"warunki-korzystania-ze-strony-internetowej-aptissen","status":"publish","type":"page","link":"https:\/\/cartylis.com\/pl\/warunki-korzystania-ze-strony-internetowej-aptissen\/","title":{"rendered":"WARUNKI KORZYSTANIA ZE STRONY INTERNETOWEJ APTISSEN"},"content":{"rendered":"\t\t<div data-elementor-type=\"wp-page\" data-elementor-id=\"920\" class=\"elementor elementor-920 elementor-910\">\n\t\t\t\t\t\t<section class=\"elementor-section elementor-top-section elementor-element elementor-element-58c42280 elementor-section-boxed elementor-section-height-default elementor-section-height-default\" data-id=\"58c42280\" data-element_type=\"section\" data-e-type=\"section\">\n\t\t\t\t\t\t<div class=\"elementor-container elementor-column-gap-default\">\n\t\t\t\t\t<div class=\"elementor-column elementor-col-100 elementor-top-column elementor-element elementor-element-57c2bfbf\" data-id=\"57c2bfbf\" data-element_type=\"column\" data-e-type=\"column\">\n\t\t\t<div class=\"elementor-widget-wrap elementor-element-populated\">\n\t\t\t\t\t\t<div class=\"elementor-element elementor-element-73ff3093 elementor-widget elementor-widget-text-editor\" data-id=\"73ff3093\" data-element_type=\"widget\" data-e-type=\"widget\" data-widget_type=\"text-editor.default\">\n\t\t\t\t<div class=\"elementor-widget-container\">\n\t\t\t\t\t\t\t\t\t<h3>WARUNKI KORZYSTANIA ZE STRONY INTERNETOWEJ APTISSEN<\/h3><h3>PROSIMY O UWA\u017bNE PRZECZYTANIE I ZAPOZNANIE SI\u0118 Z PONI\u017bSZYMI WARUNKAMI PRZED ROZPOCZ\u0118CIEM KORZYSTANIA Z TEJ STRONY INTERNETOWEJ.<\/h3><p>Korzystaj\u0105c z tej strony internetowej, zgadzasz si\u0119 na te zasady i warunki. Je\u015bli nie zgadzasz si\u0119 na to, prosz\u0119 opu\u015bci\u0107 stron\u0119 i nie bra\u0107 pod uwag\u0119 informacji tu zawartych.<\/p><h3>INFORMACJE OG\u00d3LNE<\/h3><p>Niniejsza strona zawiera materia\u0142y dotycz\u0105ce Aptissen S.A., kt\u00f3re mog\u0105 by\u0107 interesuj\u0105ce dla pracownik\u00f3w i klient\u00f3w Aptissen, jak r\u00f3wnie\u017c dla pracownik\u00f3w s\u0142u\u017cby zdrowia i og\u00f3\u0142u spo\u0142ecze\u0144stwa. Zapraszamy do przegl\u0105dania tej strony internetowej. Dost\u0119p i wykorzystanie informacji zawartych w niniejszym dokumencie podlega nast\u0119puj\u0105cym warunkom i zasadom oraz wszystkim obowi\u0105zuj\u0105cym przepisom prawa. Uzyskuj\u0105c dost\u0119p i przegl\u0105daj\u0105c t\u0119 stron\u0119 internetow\u0105, akceptujesz, bez ogranicze\u0144 i zastrze\u017ce\u0144, niniejsze warunki i potwierdzasz, \u017ce zast\u0119puj\u0105 one wszelkie inne umowy pomi\u0119dzy Tob\u0105 a Aptissen.<\/p><p>Aptissen utrzymuje t\u0119 stron\u0119 internetow\u0105 do u\u017cytku w\u0142asnego. Ta strona internetowa i jej zawarto\u015b\u0107 s\u0105 zgodne z przepisami prawa i regulacjami Szwajcarii. Chocia\u017c mo\u017cna uzyska\u0107 dost\u0119p do tej strony internetowej spoza Szwajcarii, jest ona administrowana i zarz\u0105dzana w Szwajcarii.<\/p><h3>INFORMACJE\/WARUNKI MEDYCZNE<\/h3><p>Nale\u017cy pami\u0119ta\u0107, \u017ce informacje o produktach przedstawione na tej stronie internetowej maj\u0105 jedynie charakter kr\u00f3tkiego streszczenia dla wygody odwiedzaj\u0105cych w zwi\u0105zku z dzia\u0142alno\u015bci\u0105 Aptissen S.A. Nie wszystkie produkty lub wskazania s\u0105 licencjonowane w ka\u017cdym kraju i mog\u0105 podlega\u0107 dalszym lokalnym zmianom. W celu uzyskania szczeg\u00f3\u0142owych informacji o produkcie nale\u017cy zawsze zapozna\u0107 si\u0119 z lokalnym streszczeniem w\u0142a\u015bciwo\u015bci produktu. W celu uzyskania porady w kwestiach medycznych nale\u017cy zawsze skonsultowa\u0107 si\u0119 z lokalnym lekarzem.<\/p><p>Chocia\u017c na tej stronie internetowej mog\u0105 znajdowa\u0107 si\u0119 informacje zwi\u0105zane z pewnymi stanami chorobowymi i ich leczeniem, w przypadku wyst\u0105pienia stanu chorobowego nale\u017cy niezw\u0142ocznie skontaktowa\u0107 si\u0119 z lekarzem lub pracownikiem s\u0142u\u017cby zdrowia. Aptissen nie oferuje spersonalizowanej diagnozy medycznej ani porad dotycz\u0105cych leczenia specyficznego dla pacjenta. Tylko lekarz lub inny pracownik s\u0142u\u017cby zdrowia, jako wyuczony po\u015brednik, mo\u017ce okre\u015bli\u0107, czy produkty opisane na tej stronie internetowej s\u0105 dla Ciebie odpowiednie.<\/p><h5><strong>PRZED U\u017bYCIEM JAKIEGOKOLWIEK PRODUKTU OM\u00d3WIONEGO NA TEJ STRONIE INTERNETOWEJ NALE\u017bY SKONSULTOWA\u0106 SI\u0118 Z LEKARZEM LUB INNYM WYKWALIFIKOWANYM PRACOWNIKIEM S\u0141U\u017bBY ZDROWIA.<\/strong><\/h5><h3>PRAWA AUTORSKIE I OGRANICZENIA W WYKORZYSTYWANIU MATERIA\u0141\u00d3W (WYKORZYSTANIE NIEKOMERCYJNE)<\/h3><p>Ta strona internetowa jest chroniona prawem autorskim. Wszelkie materia\u0142y tekstowe lub graficzne kopiowane, drukowane lub pobierane z tej strony internetowej s\u0105 licencjonowane przez Aptissen S.A. wy\u0142\u0105cznie do w\u0142asnego, niekomercyjnego u\u017cytku domowego, pod warunkiem, \u017ce nie zmienisz ani nie usuniesz \u017cadnych informacji o prawach autorskich, znakach towarowych lub innych prawach w\u0142asno\u015bci.<\/p><h3>OGRANICZENIE ODPOWIEDZIALNO\u015aCI<\/h3><p>Aptissen do\u0142o\u017cy wszelkich stara\u0144, aby informacje na tej stronie internetowej by\u0142y dok\u0142adne, kompletne i aktualne, ale Aptissen nie udziela \u017cadnych gwarancji ani zapewnie\u0144 co do ich dok\u0142adno\u015bci, kompletno\u015bci lub cz\u0119stotliwo\u015bci ich aktualizacji. Wszyscy u\u017cytkownicy zgadzaj\u0105 si\u0119, \u017ce dost\u0119p do tej strony internetowej odbywa si\u0119 na w\u0142asne ryzyko i \u017ce ani Aptissen, ani \u017cadna ze stron zaanga\u017cowanych w tworzenie lub dostarczanie tej strony internetowej nie ponosi odpowiedzialno\u015bci za jakiekolwiek szkody, w tym, bez ogranicze\u0144, jakiekolwiek szkody specjalne, bezpo\u015brednie lub po\u015brednie, przypadkowe, wynikowe lub karne wynikaj\u0105ce z dost\u0119pu do informacji zawartych na tej stronie internetowej lub korzystania z nich, lub jakiekolwiek b\u0142\u0119dy lub pomini\u0119cia, b\u0142\u0119dne wydruki, nieaktualne informacje, nie\u015bcis\u0142o\u015bci techniczne lub cenowe, b\u0142\u0119dy typograficzne lub inne b\u0142\u0119dy pojawiaj\u0105ce si\u0119 na tej stronie internetowej. Ograniczenie to obejmuje uszkodzenia lub wirusy, kt\u00f3re mog\u0105 zainfekowa\u0107 sprz\u0119t komputerowy u\u017cytkownika.<\/p><p>Informacje i zwi\u0105zane z nimi materia\u0142y mog\u0105 ulec zmianie bez uprzedzenia. Niniejsza strona internetowa oraz wszystkie informacje i materia\u0142y z ni\u0105 zwi\u0105zane s\u0105 dostarczane \u201etakie, jakie s\u0105\u201d. Aptissen nie sk\u0142ada \u017cadnych o\u015bwiadcze\u0144 ani nie udziela \u017cadnych gwarancji co do kompletno\u015bci, dok\u0142adno\u015bci, aktualno\u015bci lub adekwatno\u015bci, odpowiednio\u015bci, funkcjonalno\u015bci, dost\u0119pno\u015bci lub dzia\u0142ania tej strony internetowej lub informacji lub materia\u0142\u00f3w, kt\u00f3re ona zawiera. Korzystaj\u0105c z tej strony internetowej, u\u017cytkownik ponosi ryzyko, \u017ce informacje i materia\u0142y znajduj\u0105ce si\u0119 na tej stronie internetowej mog\u0105 by\u0107 niekompletne, niedok\u0142adne, nieaktualne lub mog\u0105 nie spe\u0142nia\u0107 jego potrzeb i wymaga\u0144. Aptissen wyra\u017anie zrzeka si\u0119 wszelkich gwarancji, wyra\u017anych lub dorozumianych, w tym bez ogranicze\u0144, gwarancji lub przydatno\u015bci handlowej, przydatno\u015bci do okre\u015blonego celu i nienaruszalno\u015bci w odniesieniu do tej strony internetowej i informacji, grafiki i materia\u0142\u00f3w w niej zawartych.<\/p><h3>LINKI DO INNYCH STRON INTERNETOWYCH<\/h3><p>Niniejsza strona internetowa mo\u017ce zawiera\u0107 linki do innych stron internetowych na ca\u0142ym \u015bwiecie lub te\u017c mo\u017ce by\u0107 dost\u0119pna z link\u00f3w znajduj\u0105cych si\u0119 na innych stronach internetowych na ca\u0142ym \u015bwiecie. Aptissen nie mo\u017ce ponosi\u0107 odpowiedzialno\u015bci za zawarto\u015b\u0107, dost\u0119pno\u015b\u0107, dzia\u0142anie lub wydajno\u015b\u0107 innych stron internetowych, do kt\u00f3rych linki znajduj\u0105 si\u0119 na tej stronie internetowej lub z kt\u00f3rych mo\u017cna uzyska\u0107 do niej dost\u0119p. Aptissen nie sk\u0142ada \u017cadnych o\u015bwiadcze\u0144 dotycz\u0105cych tre\u015bci innych stron internetowych, do kt\u00f3rych mo\u017cna uzyska\u0107 dost\u0119p z tej strony internetowej.<\/p><h3>INFORMACJE DOTYCZ\u0104CE PA\u0143STWA PRYWATNO\u015aCI<\/h3><p>Dost\u0119p do tej strony internetowej mo\u017ce by\u0107 monitorowany przez Aptissen. Je\u015bli jest monitorowany, adresy URL, urz\u0105dzenie, z kt\u00f3rego pochodzi wniosek, oraz czas z\u0142o\u017cenia wniosku s\u0105 rejestrowane dla cel\u00f3w statystyki dost\u0119pu i bezpiecze\u0144stwa. Korzystanie i dost\u0119p do tej strony internetowej oznacza zgod\u0119 na takie og\u00f3lne monitorowanie. Szczeg\u00f3\u0142owe informacje na temat sposobu gromadzenia i wykorzystywania informacji z tej strony internetowej mo\u017cna znale\u017a\u0107 w POLITYCE PRYWATNO\u015aCI APTISSEN.<\/p><h3>NAZWY HANDLOWE<\/h3><p>Aptissen, Cartylis nazwy handlowe i logo pojawiaj\u0105ce si\u0119 na tej stronie internetowej s\u0105 znakami towarowymi Aptissen S.A. Wszystkie nazwy handlowe lub produkty os\u00f3b trzecich pojawiaj\u0105ce si\u0119 na tej stronie internetowej s\u0105 w\u0142asno\u015bci\u0105 ich w\u0142a\u015bcicieli i Aptissen nie ro\u015bci sobie prawa w\u0142asno\u015bci do nich.<\/p><h3>LICENCJA<\/h3><p>\u017badne z postanowie\u0144 niniejszej strony internetowej nie mo\u017ce by\u0107 interpretowane jako przyznaj\u0105ce w spos\u00f3b dorozumiany lub inny, jak\u0105kolwiek licencj\u0119 lub prawo do korzystania w jakiejkolwiek formie lub w jakikolwiek spos\u00f3b z patent\u00f3w, praw autorskich lub znak\u00f3w towarowych firmy Aptissen.<\/p><h3>(INFORMACJE DLA APTISSEN)<\/h3><p>Przekazywanie firmie Aptissen jakichkolwiek niezam\u00f3wionych informacji, takich jak pytania, komentarze lub sugestie, zar\u00f3wno za po\u015brednictwem niniejszej strony internetowej, jak i za po\u015brednictwem innych \u015brodk\u00f3w komunikacji, NIE b\u0119dzie uznawane za poufne. Aptissen nie ma \u017cadnych zobowi\u0105za\u0144 wobec u\u017cytkownika w odniesieniu do takich informacji. Przekazuj\u0105c wszelkie informacje do Aptissen, u\u017cytkownik rozumie, \u017ce Aptissen mo\u017ce swobodnie powiela\u0107, wykorzystywa\u0107, ujawnia\u0107, wystawia\u0107, wystawia\u0107, przekazywa\u0107, wykonywa\u0107, tworzy\u0107 prace pochodne i rozpowszechnia\u0107 te informacje w\u015br\u00f3d innych bez ogranicze\u0144, a tak\u017ce upowa\u017cnia\u0107 innych do tego samego. Ponadto Aptissen mo\u017ce swobodnie wykorzystywa\u0107 wszelkie pomys\u0142y, koncepcje, know-how lub techniki zawarte w takich informacjach w dowolnym celu, w tym mi\u0119dzy innymi do opracowywania, wytwarzania i wprowadzania na rynek produkt\u00f3w i innych element\u00f3w zawieraj\u0105cych takie pomys\u0142y, koncepcje, know-how lub techniki.<\/p><h3>INNE<\/h3><p>Niniejsze warunki u\u017cytkowania strony internetowej podlegaj\u0105 i s\u0105 interpretowane zgodnie z prawem szwajcarskim. Je\u015bli kt\u00f3rekolwiek z postanowie\u0144 niniejszego dokumentu zostanie uznane za niezgodne z prawem, niewa\u017cne lub z jakiegokolwiek powodu niewykonalne, w\u00f3wczas postanowienie to zostanie wyeliminowane lub ograniczone do niezb\u0119dnego minimum, a takie wyeliminowanie lub ograniczenie nie wp\u0142ynie na wa\u017cno\u015b\u0107 i wykonalno\u015b\u0107 pozosta\u0142ych postanowie\u0144. Niniejsze warunki korzystania z witryny internetowej stanowi\u0105 ca\u0142o\u015b\u0107 umowy pomi\u0119dzy Aptissen i u\u017cytkownikiem w odniesieniu do przedmiotu niniejszego dokumentu i u\u017cytkownik zgadza si\u0119 zwolni\u0107 firm\u0119 Aptissen z odpowiedzialno\u015bci za wszelkie roszczenia lub szkody wynikaj\u0105ce z nieprzestrzegania przez u\u017cytkownika niniejszych warunk\u00f3w.<\/p><p>Strona internetowa Aptissen mo\u017ce by\u0107 niedost\u0119pna od czasu do czasu z powodu awarii mechanicznych, telekomunikacyjnych, oprogramowania, sprz\u0119tu i innych dostawc\u00f3w, aktualizacji lub budowy. Aptissen nie mo\u017ce przewidzie\u0107 lub kontrolowa\u0107, kiedy taki przest\u00f3j mo\u017ce wyst\u0105pi\u0107 i nie mo\u017ce kontrolowa\u0107 czasu trwania lub ponosi\u0107 odpowiedzialno\u015bci za jakiekolwiek szkody wynikaj\u0105ce z takiego przestoju. Aptissen zastrzega sobie prawo do zmiany lub usuni\u0119cia materia\u0142u z tej strony internetowej w dowolnym momencie. Aptissen mo\u017ce, w dowolnym czasie, zmieni\u0107 niniejsze Warunki Korzystania ze strony internetowej poprzez aktualizacj\u0119 tego og\u0142oszenia. Jeste\u015b zwi\u0105zany takimi zmianami i dlatego powiniene\u015b okresowo przegl\u0105da\u0107 te warunki, aby zapozna\u0107 si\u0119 z aktualnymi w\u00f3wczas Warunkami Korzystania.<\/p>\t\t\t\t\t\t\t\t<\/div>\n\t\t\t\t<\/div>\n\t\t\t\t\t<\/div>\n\t\t<\/div>\n\t\t\t\t\t<\/div>\n\t\t<\/section>\n\t\t\t\t<\/div>\n\t\t","protected":false},"excerpt":{"rendered":"<p>WARUNKI KORZYSTANIA ZE STRONY INTERNETOWEJ APTISSEN PROSIMY O UWA\u017bNE PRZECZYTANIE I ZAPOZNANIE SI\u0118 Z PONI\u017bSZYMI WARUNKAMI PRZED ROZPOCZ\u0118CIEM KORZYSTANIA Z TEJ STRONY INTERNETOWEJ. Korzystaj\u0105c z tej strony internetowej, zgadzasz si\u0119 na te zasady i warunki. Je\u015bli nie zgadzasz si\u0119 na to, prosz\u0119 opu\u015bci\u0107 stron\u0119 i nie bra\u0107 pod uwag\u0119 informacji tu zawartych. INFORMACJE OG\u00d3LNE Niniejsza &#8230; <a title=\"WARUNKI KORZYSTANIA ZE STRONY INTERNETOWEJ APTISSEN\" class=\"read-more\" href=\"https:\/\/cartylis.com\/pl\/warunki-korzystania-ze-strony-internetowej-aptissen\/\">Czytaj dalej <span class=\"screen-reader-text\">WARUNKI KORZYSTANIA ZE STRONY INTERNETOWEJ APTISSEN<\/span><\/a><\/p>\n","protected":false},"author":1,"featured_media":0,"parent":0,"menu_order":0,"comment_status":"closed","ping_status":"closed","template":"","meta":{"footnotes":""},"class_list":["post-920","page","type-page","status-publish"],"yoast_head":"<!-- This site is optimized with the Yoast SEO plugin v27.2 - https:\/\/yoast.com\/product\/yoast-seo-wordpress\/ -->\n<title>WARUNKI KORZYSTANIA ZE STRONY INTERNETOWEJ APTISSEN - Cartylis<\/title>\n<meta name=\"robots\" content=\"index, follow, max-snippet:-1, max-image-preview:large, max-video-preview:-1\" \/>\n<link rel=\"canonical\" href=\"https:\/\/cartylis.com\/pl\/warunki-korzystania-ze-strony-internetowej-aptissen\/\" \/>\n<meta property=\"og:locale\" content=\"pl_PL\" \/>\n<meta property=\"og:type\" content=\"article\" \/>\n<meta property=\"og:title\" content=\"WARUNKI KORZYSTANIA ZE STRONY INTERNETOWEJ APTISSEN - Cartylis\" \/>\n<meta property=\"og:description\" content=\"WARUNKI KORZYSTANIA ZE STRONY INTERNETOWEJ APTISSEN PROSIMY O UWA\u017bNE PRZECZYTANIE I ZAPOZNANIE SI\u0118 Z PONI\u017bSZYMI WARUNKAMI PRZED ROZPOCZ\u0118CIEM KORZYSTANIA Z TEJ STRONY INTERNETOWEJ. Korzystaj\u0105c z tej strony internetowej, zgadzasz si\u0119 na te zasady i warunki. Je\u015bli nie zgadzasz si\u0119 na to, prosz\u0119 opu\u015bci\u0107 stron\u0119 i nie bra\u0107 pod uwag\u0119 informacji tu zawartych. INFORMACJE OG\u00d3LNE Niniejsza ... Czytaj dalej WARUNKI KORZYSTANIA ZE STRONY INTERNETOWEJ APTISSEN\" \/>\n<meta property=\"og:url\" content=\"https:\/\/cartylis.com\/pl\/warunki-korzystania-ze-strony-internetowej-aptissen\/\" \/>\n<meta property=\"og:site_name\" content=\"Cartylis\" \/>\n<meta property=\"article:modified_time\" content=\"2019-11-22T16:27:31+00:00\" \/>\n<meta name=\"twitter:card\" content=\"summary_large_image\" \/>\n<meta name=\"twitter:label1\" content=\"Szacowany czas czytania\" \/>\n\t<meta name=\"twitter:data1\" content=\"7 minut\" \/>\n<script type=\"application\/ld+json\" class=\"yoast-schema-graph\">{\"@context\":\"https:\/\/schema.org\",\"@graph\":[{\"@type\":\"WebPage\",\"@id\":\"https:\/\/cartylis.com\/pl\/warunki-korzystania-ze-strony-internetowej-aptissen\/\",\"url\":\"https:\/\/cartylis.com\/pl\/warunki-korzystania-ze-strony-internetowej-aptissen\/\",\"name\":\"WARUNKI KORZYSTANIA ZE STRONY INTERNETOWEJ APTISSEN - Cartylis\",\"isPartOf\":{\"@id\":\"https:\/\/cartylis.com\/pl\/#website\"},\"datePublished\":\"2019-11-22T16:25:59+00:00\",\"dateModified\":\"2019-11-22T16:27:31+00:00\",\"breadcrumb\":{\"@id\":\"https:\/\/cartylis.com\/pl\/warunki-korzystania-ze-strony-internetowej-aptissen\/#breadcrumb\"},\"inLanguage\":\"pl-PL\",\"potentialAction\":[{\"@type\":\"ReadAction\",\"target\":[\"https:\/\/cartylis.com\/pl\/warunki-korzystania-ze-strony-internetowej-aptissen\/\"]}]},{\"@type\":\"BreadcrumbList\",\"@id\":\"https:\/\/cartylis.com\/pl\/warunki-korzystania-ze-strony-internetowej-aptissen\/#breadcrumb\",\"itemListElement\":[{\"@type\":\"ListItem\",\"position\":1,\"name\":\"Home\",\"item\":\"https:\/\/cartylis.com\/pl\/\"},{\"@type\":\"ListItem\",\"position\":2,\"name\":\"WARUNKI KORZYSTANIA ZE STRONY INTERNETOWEJ APTISSEN\"}]},{\"@type\":\"WebSite\",\"@id\":\"https:\/\/cartylis.com\/pl\/#website\",\"url\":\"https:\/\/cartylis.com\/pl\/\",\"name\":\"Cartylis\",\"description\":\"Cartylis\",\"publisher\":{\"@id\":\"https:\/\/cartylis.com\/pl\/#organization\"},\"potentialAction\":[{\"@type\":\"SearchAction\",\"target\":{\"@type\":\"EntryPoint\",\"urlTemplate\":\"https:\/\/cartylis.com\/pl\/?s={search_term_string}\"},\"query-input\":{\"@type\":\"PropertyValueSpecification\",\"valueRequired\":true,\"valueName\":\"search_term_string\"}}],\"inLanguage\":\"pl-PL\"},{\"@type\":\"Organization\",\"@id\":\"https:\/\/cartylis.com\/pl\/#organization\",\"name\":\"Cartylis\",\"url\":\"https:\/\/cartylis.com\/pl\/\",\"logo\":{\"@type\":\"ImageObject\",\"inLanguage\":\"pl-PL\",\"@id\":\"https:\/\/cartylis.com\/pl\/#\/schema\/logo\/image\/\",\"url\":\"https:\/\/cartylis.com\/wp-content\/uploads\/2019\/09\/LOGO-HAUT.png\",\"contentUrl\":\"https:\/\/cartylis.com\/wp-content\/uploads\/2019\/09\/LOGO-HAUT.png\",\"width\":363,\"height\":89,\"caption\":\"Cartylis\"},\"image\":{\"@id\":\"https:\/\/cartylis.com\/pl\/#\/schema\/logo\/image\/\"}}]}<\/script>\n<!-- \/ Yoast SEO plugin. -->","yoast_head_json":{"title":"WARUNKI KORZYSTANIA ZE STRONY INTERNETOWEJ APTISSEN - Cartylis","robots":{"index":"index","follow":"follow","max-snippet":"max-snippet:-1","max-image-preview":"max-image-preview:large","max-video-preview":"max-video-preview:-1"},"canonical":"https:\/\/cartylis.com\/pl\/warunki-korzystania-ze-strony-internetowej-aptissen\/","og_locale":"pl_PL","og_type":"article","og_title":"WARUNKI KORZYSTANIA ZE STRONY INTERNETOWEJ APTISSEN - Cartylis","og_description":"WARUNKI KORZYSTANIA ZE STRONY INTERNETOWEJ APTISSEN PROSIMY O UWA\u017bNE PRZECZYTANIE I ZAPOZNANIE SI\u0118 Z PONI\u017bSZYMI WARUNKAMI PRZED ROZPOCZ\u0118CIEM KORZYSTANIA Z TEJ STRONY INTERNETOWEJ. Korzystaj\u0105c z tej strony internetowej, zgadzasz si\u0119 na te zasady i warunki. Je\u015bli nie zgadzasz si\u0119 na to, prosz\u0119 opu\u015bci\u0107 stron\u0119 i nie bra\u0107 pod uwag\u0119 informacji tu zawartych. INFORMACJE OG\u00d3LNE Niniejsza ... Czytaj dalej WARUNKI KORZYSTANIA ZE STRONY INTERNETOWEJ APTISSEN","og_url":"https:\/\/cartylis.com\/pl\/warunki-korzystania-ze-strony-internetowej-aptissen\/","og_site_name":"Cartylis","article_modified_time":"2019-11-22T16:27:31+00:00","twitter_card":"summary_large_image","twitter_misc":{"Szacowany czas czytania":"7 minut"},"schema":{"@context":"https:\/\/schema.org","@graph":[{"@type":"WebPage","@id":"https:\/\/cartylis.com\/pl\/warunki-korzystania-ze-strony-internetowej-aptissen\/","url":"https:\/\/cartylis.com\/pl\/warunki-korzystania-ze-strony-internetowej-aptissen\/","name":"WARUNKI KORZYSTANIA ZE STRONY INTERNETOWEJ APTISSEN - Cartylis","isPartOf":{"@id":"https:\/\/cartylis.com\/pl\/#website"},"datePublished":"2019-11-22T16:25:59+00:00","dateModified":"2019-11-22T16:27:31+00:00","breadcrumb":{"@id":"https:\/\/cartylis.com\/pl\/warunki-korzystania-ze-strony-internetowej-aptissen\/#breadcrumb"},"inLanguage":"pl-PL","potentialAction":[{"@type":"ReadAction","target":["https:\/\/cartylis.com\/pl\/warunki-korzystania-ze-strony-internetowej-aptissen\/"]}]},{"@type":"BreadcrumbList","@id":"https:\/\/cartylis.com\/pl\/warunki-korzystania-ze-strony-internetowej-aptissen\/#breadcrumb","itemListElement":[{"@type":"ListItem","position":1,"name":"Home","item":"https:\/\/cartylis.com\/pl\/"},{"@type":"ListItem","position":2,"name":"WARUNKI KORZYSTANIA ZE STRONY INTERNETOWEJ APTISSEN"}]},{"@type":"WebSite","@id":"https:\/\/cartylis.com\/pl\/#website","url":"https:\/\/cartylis.com\/pl\/","name":"Cartylis","description":"Cartylis","publisher":{"@id":"https:\/\/cartylis.com\/pl\/#organization"},"potentialAction":[{"@type":"SearchAction","target":{"@type":"EntryPoint","urlTemplate":"https:\/\/cartylis.com\/pl\/?s={search_term_string}"},"query-input":{"@type":"PropertyValueSpecification","valueRequired":true,"valueName":"search_term_string"}}],"inLanguage":"pl-PL"},{"@type":"Organization","@id":"https:\/\/cartylis.com\/pl\/#organization","name":"Cartylis","url":"https:\/\/cartylis.com\/pl\/","logo":{"@type":"ImageObject","inLanguage":"pl-PL","@id":"https:\/\/cartylis.com\/pl\/#\/schema\/logo\/image\/","url":"https:\/\/cartylis.com\/wp-content\/uploads\/2019\/09\/LOGO-HAUT.png","contentUrl":"https:\/\/cartylis.com\/wp-content\/uploads\/2019\/09\/LOGO-HAUT.png","width":363,"height":89,"caption":"Cartylis"},"image":{"@id":"https:\/\/cartylis.com\/pl\/#\/schema\/logo\/image\/"}}]}},"_links":{"self":[{"href":"https:\/\/cartylis.com\/pl\/wp-json\/wp\/v2\/pages\/920","targetHints":{"allow":["GET"]}}],"collection":[{"href":"https:\/\/cartylis.com\/pl\/wp-json\/wp\/v2\/pages"}],"about":[{"href":"https:\/\/cartylis.com\/pl\/wp-json\/wp\/v2\/types\/page"}],"author":[{"embeddable":true,"href":"https:\/\/cartylis.com\/pl\/wp-json\/wp\/v2\/users\/1"}],"replies":[{"embeddable":true,"href":"https:\/\/cartylis.com\/pl\/wp-json\/wp\/v2\/comments?post=920"}],"version-history":[{"count":2,"href":"https:\/\/cartylis.com\/pl\/wp-json\/wp\/v2\/pages\/920\/revisions"}],"predecessor-version":[{"id":922,"href":"https:\/\/cartylis.com\/pl\/wp-json\/wp\/v2\/pages\/920\/revisions\/922"}],"wp:attachment":[{"href":"https:\/\/cartylis.com\/pl\/wp-json\/wp\/v2\/media?parent=920"}],"curies":[{"name":"wp","href":"https:\/\/api.w.org\/{rel}","templated":true}]}}