{"id":851,"date":"2019-10-23T11:19:16","date_gmt":"2019-10-23T09:19:16","guid":{"rendered":"http:\/\/c62d6ylgd.preview.infomaniak.website\/kontakt\/"},"modified":"2020-10-02T16:56:12","modified_gmt":"2020-10-02T14:56:12","slug":"kontakt","status":"publish","type":"page","link":"https:\/\/cartylis.com\/pl\/kontakt\/","title":{"rendered":"Kontakt"},"content":{"rendered":"\t\t<div data-elementor-type=\"wp-page\" data-elementor-id=\"851\" class=\"elementor elementor-851 elementor-424\">\n\t\t\t\t\t\t<section class=\"elementor-section elementor-top-section elementor-element elementor-element-329f4c8 elementor-section-boxed elementor-section-height-default elementor-section-height-default\" data-id=\"329f4c8\" data-element_type=\"section\" data-e-type=\"section\">\n\t\t\t\t\t\t<div class=\"elementor-container elementor-column-gap-default\">\n\t\t\t\t\t<div class=\"elementor-column elementor-col-100 elementor-top-column elementor-element elementor-element-5e4e263\" data-id=\"5e4e263\" data-element_type=\"column\" data-e-type=\"column\">\n\t\t\t<div class=\"elementor-widget-wrap elementor-element-populated\">\n\t\t\t\t\t\t<div class=\"elementor-element elementor-element-1a9ca6e elementor-widget elementor-widget-text-editor\" data-id=\"1a9ca6e\" data-element_type=\"widget\" data-e-type=\"widget\" data-widget_type=\"text-editor.default\">\n\t\t\t\t<div class=\"elementor-widget-container\">\n\t\t\t\t\t\t\t\t\t<p><strong>Aptissen Polska Sp. z o.o.<br \/><\/strong>Marynarska 21<br \/>02-674 Warszawa<br \/><strong>Telefon:<\/strong> <a href=\"tel:+48669107745\">+48669107745<\/a><br \/><strong>E-mail:<\/strong> <a href=\"mailto:sales.admin.polska@aptissen.com\">Skontaktuj si\u0119 z nami<\/a><\/p>\t\t\t\t\t\t\t\t<\/div>\n\t\t\t\t<\/div>\n\t\t\t\t\t<\/div>\n\t\t<\/div>\n\t\t\t\t\t<\/div>\n\t\t<\/section>\n\t\t\t\t<section class=\"elementor-section elementor-top-section elementor-element elementor-element-059eaee elementor-section-stretched elementor-section-full_width elementor-section-content-middle elementor-section-height-default elementor-section-height-default\" data-id=\"059eaee\" data-element_type=\"section\" data-e-type=\"section\" data-settings=\"{&quot;stretch_section&quot;:&quot;section-stretched&quot;,&quot;background_background&quot;:&quot;classic&quot;,&quot;shape_divider_top&quot;:&quot;curve&quot;,&quot;shape_divider_top_negative&quot;:&quot;yes&quot;,&quot;shape_divider_bottom&quot;:&quot;curve&quot;,&quot;shape_divider_bottom_negative&quot;:&quot;yes&quot;}\">\n\t\t\t\t\t<div class=\"elementor-shape elementor-shape-top\" aria-hidden=\"true\" data-negative=\"true\">\n\t\t\t<svg xmlns=\"http:\/\/www.w3.org\/2000\/svg\" viewBox=\"0 0 1000 100\" preserveAspectRatio=\"none\">\n\t<path class=\"elementor-shape-fill\" d=\"M500,97C126.7,96.3,0.8,19.8,0,0v100l1000,0V1C1000,19.4,873.3,97.8,500,97z\"\/>\n<\/svg>\t\t<\/div>\n\t\t\t\t<div class=\"elementor-shape elementor-shape-bottom\" aria-hidden=\"true\" data-negative=\"true\">\n\t\t\t<svg xmlns=\"http:\/\/www.w3.org\/2000\/svg\" viewBox=\"0 0 1000 100\" preserveAspectRatio=\"none\">\n\t<path class=\"elementor-shape-fill\" d=\"M500,97C126.7,96.3,0.8,19.8,0,0v100l1000,0V1C1000,19.4,873.3,97.8,500,97z\"\/>\n<\/svg>\t\t<\/div>\n\t\t\t\t\t<div class=\"elementor-container elementor-column-gap-default\">\n\t\t\t\t\t<div class=\"elementor-column elementor-col-100 elementor-top-column elementor-element elementor-element-17a2a0b\" data-id=\"17a2a0b\" data-element_type=\"column\" data-e-type=\"column\">\n\t\t\t<div class=\"elementor-widget-wrap elementor-element-populated\">\n\t\t\t\t\t\t<section class=\"elementor-section elementor-inner-section elementor-element elementor-element-12b1ea0 elementor-section-full_width elementor-section-content-middle elementor-section-height-default elementor-section-height-default\" data-id=\"12b1ea0\" data-element_type=\"section\" data-e-type=\"section\">\n\t\t\t\t\t\t<div class=\"elementor-container elementor-column-gap-default\">\n\t\t\t\t\t<div class=\"elementor-column elementor-col-50 elementor-inner-column elementor-element elementor-element-080b9e1\" data-id=\"080b9e1\" data-element_type=\"column\" data-e-type=\"column\">\n\t\t\t<div class=\"elementor-widget-wrap elementor-element-populated\">\n\t\t\t\t\t\t<div class=\"elementor-element elementor-element-69baa0e elementor-widget elementor-widget-image\" data-id=\"69baa0e\" data-element_type=\"widget\" data-e-type=\"widget\" data-widget_type=\"image.default\">\n\t\t\t\t<div class=\"elementor-widget-container\">\n\t\t\t\t\t\t\t\t\t\t\t\t\t\t\t<img fetchpriority=\"high\" decoding=\"async\" width=\"774\" height=\"965\" src=\"https:\/\/cartylis.com\/wp-content\/uploads\/2019\/10\/visu-bas-2.png\" class=\"attachment-large size-large wp-image-358\" alt=\"\" srcset=\"https:\/\/cartylis.com\/wp-content\/uploads\/2019\/10\/visu-bas-2.png 774w, https:\/\/cartylis.com\/wp-content\/uploads\/2019\/10\/visu-bas-2-241x300.png 241w, https:\/\/cartylis.com\/wp-content\/uploads\/2019\/10\/visu-bas-2-768x958.png 768w\" sizes=\"(max-width: 774px) 100vw, 774px\" \/>\t\t\t\t\t\t\t\t\t\t\t\t\t\t\t<\/div>\n\t\t\t\t<\/div>\n\t\t\t\t\t<\/div>\n\t\t<\/div>\n\t\t\t\t<div class=\"elementor-column elementor-col-50 elementor-inner-column elementor-element elementor-element-6c285a1\" data-id=\"6c285a1\" data-element_type=\"column\" data-e-type=\"column\">\n\t\t\t<div class=\"elementor-widget-wrap elementor-element-populated\">\n\t\t\t\t\t\t<div class=\"elementor-element elementor-element-98df753 Titre_Blanc ombre elementor-widget elementor-widget-heading\" data-id=\"98df753\" data-element_type=\"widget\" data-e-type=\"widget\" data-widget_type=\"heading.default\">\n\t\t\t\t<div class=\"elementor-widget-container\">\n\t\t\t\t\t<h3 class=\"elementor-heading-title elementor-size-default\">Kontakt<\/h3>\t\t\t\t<\/div>\n\t\t\t\t<\/div>\n\t\t\t\t<div class=\"elementor-element elementor-element-e8204ba elementor-widget elementor-widget-html\" data-id=\"e8204ba\" data-element_type=\"widget\" data-e-type=\"widget\" data-widget_type=\"html.default\">\n\t\t\t\t<div class=\"elementor-widget-container\">\n\t\t\t\t\t\n<div class=\"wpcf7 no-js\" id=\"wpcf7-f850-o1\" lang=\"pl-PL\" dir=\"ltr\" data-wpcf7-id=\"850\">\n<div class=\"screen-reader-response\"><p role=\"status\" aria-live=\"polite\" aria-atomic=\"true\"><\/p> <ul><\/ul><\/div>\n<form action=\"\/pl\/wp-json\/wp\/v2\/pages\/851#wpcf7-f850-o1\" method=\"post\" class=\"wpcf7-form init\" aria-label=\"Formularz kontaktowy\" novalidate=\"novalidate\" data-status=\"init\">\n<fieldset class=\"hidden-fields-container\"><input type=\"hidden\" name=\"_wpcf7\" value=\"850\" \/><input type=\"hidden\" name=\"_wpcf7_version\" value=\"6.1.5\" \/><input type=\"hidden\" name=\"_wpcf7_locale\" value=\"pl_PL\" \/><input type=\"hidden\" name=\"_wpcf7_unit_tag\" value=\"wpcf7-f850-o1\" \/><input type=\"hidden\" name=\"_wpcf7_container_post\" value=\"0\" \/><input type=\"hidden\" name=\"_wpcf7_posted_data_hash\" value=\"\" \/><input type=\"hidden\" name=\"_wpcf7_recaptcha_response\" value=\"\" \/>\n<\/fieldset>\n<p><label> Imi\u0119 i nazwisko (wymagane)<br \/>\n<span class=\"wpcf7-form-control-wrap\" data-name=\"your-name\"><input size=\"40\" maxlength=\"400\" class=\"wpcf7-form-control wpcf7-text wpcf7-validates-as-required\" aria-required=\"true\" aria-invalid=\"false\" value=\"\" type=\"text\" name=\"your-name\" \/><\/span> <\/label>\n<\/p>\n<p><label> Adres e-mail (wymagane)<br \/>\n<span class=\"wpcf7-form-control-wrap\" data-name=\"your-email\"><input size=\"40\" maxlength=\"400\" class=\"wpcf7-form-control wpcf7-email wpcf7-validates-as-required wpcf7-text wpcf7-validates-as-email\" aria-required=\"true\" aria-invalid=\"false\" value=\"\" type=\"email\" name=\"your-email\" \/><\/span> <\/label>\n<\/p>\n<p><label>Temat wniosku (wymagane)<br \/>\n<span class=\"wpcf7-form-control-wrap\" data-name=\"Sujets\"><select class=\"wpcf7-form-control wpcf7-select wpcf7-validates-as-required\" aria-required=\"true\" aria-invalid=\"false\" name=\"Sujets\"><option value=\"\">&#8212;Prosz\u0119 wybra\u0107 opcj\u0119&#8212;<\/option><option value=\"Mam komentarz dotycz\u0105cy Cartylis\">Mam komentarz dotycz\u0105cy Cartylis<\/option><option value=\"Chc\u0119 informacji o Cartylis\">Chc\u0119 informacji o Cartylis<\/option><option value=\"Chc\u0119 kupi\u0107 Cartylis\">Chc\u0119 kupi\u0107 Cartylis<\/option><option value=\"Inne\">Inne<\/option><\/select><\/span><\/label>\n<\/p>\n<p><label> Temat<br \/>\n<span class=\"wpcf7-form-control-wrap\" data-name=\"your-subject\"><input size=\"40\" maxlength=\"400\" class=\"wpcf7-form-control wpcf7-text\" aria-invalid=\"false\" value=\"\" type=\"text\" name=\"your-subject\" \/><\/span> <\/label>\n<\/p>\n<p><label> Twoja wiadomo\u015b\u0107<br \/>\n<span class=\"wpcf7-form-control-wrap\" data-name=\"your-message\"><textarea cols=\"40\" rows=\"10\" maxlength=\"2000\" class=\"wpcf7-form-control wpcf7-textarea\" aria-invalid=\"false\" name=\"your-message\"><\/textarea><\/span> <\/label>\n<\/p>\n<p><span class=\"wpcf7-form-control-wrap\" data-name=\"acceptance-448\"><span class=\"wpcf7-form-control wpcf7-acceptance\"><span class=\"wpcf7-list-item\"><label><input type=\"checkbox\" name=\"acceptance-448\" value=\"1\" aria-invalid=\"false\" \/><span class=\"wpcf7-list-item-label\">O\u015bwiaczczam, \u017ce zapozna\u0142em si\u0119 i akceptuj\u0119 tre\u015b\u0107 i <a href=\"https:\/\/cartylis.com\/pl\/warunki-korzystania-ze-strony-internetowej-aptissen\/\"  class=\"terms\">warunki regulaminu<\/a>.<\/span><\/label><\/span><\/span><\/span>\n<\/p>\n<p><input class=\"wpcf7-form-control wpcf7-submit has-spinner\" type=\"submit\" value=\"WY\u015aLIJ\" \/>\n<\/p><p style=\"display: none !important;\" class=\"akismet-fields-container\" data-prefix=\"_wpcf7_ak_\"><label>&#916;<textarea name=\"_wpcf7_ak_hp_textarea\" cols=\"45\" rows=\"8\" maxlength=\"100\"><\/textarea><\/label><input type=\"hidden\" id=\"ak_js_1\" name=\"_wpcf7_ak_js\" value=\"166\"\/><script type=\"text\/javascript\">\n\/* <![CDATA[ *\/\ndocument.getElementById( \"ak_js_1\" ).setAttribute( \"value\", ( new Date() ).getTime() );\n\/* ]]> *\/\n<\/script>\n<\/p><div class=\"wpcf7-response-output\" aria-hidden=\"true\"><\/div>\n<\/form>\n<\/div>\n\t\t\t\t<\/div>\n\t\t\t\t<\/div>\n\t\t\t\t\t<\/div>\n\t\t<\/div>\n\t\t\t\t\t<\/div>\n\t\t<\/section>\n\t\t\t\t\t<\/div>\n\t\t<\/div>\n\t\t\t\t\t<\/div>\n\t\t<\/section>\n\t\t\t\t<\/div>\n\t\t","protected":false},"excerpt":{"rendered":"<p>Aptissen Polska Sp. z o.o.Marynarska 2102-674 WarszawaTelefon: +48669107745E-mail: Skontaktuj si\u0119 z nami Kontakt<\/p>\n","protected":false},"author":1,"featured_media":0,"parent":0,"menu_order":0,"comment_status":"closed","ping_status":"closed","template":"","meta":{"footnotes":""},"class_list":["post-851","page","type-page","status-publish"],"yoast_head":"<!-- This site is optimized with the Yoast SEO plugin v27.4 - https:\/\/yoast.com\/product\/yoast-seo-wordpress\/ -->\n<title>Kontakt - Cartylis<\/title>\n<meta name=\"robots\" content=\"index, follow, max-snippet:-1, max-image-preview:large, max-video-preview:-1\" \/>\n<link rel=\"canonical\" href=\"https:\/\/cartylis.com\/pl\/kontakt\/\" \/>\n<meta property=\"og:locale\" content=\"pl_PL\" \/>\n<meta property=\"og:type\" content=\"article\" \/>\n<meta property=\"og:title\" content=\"Kontakt - Cartylis\" \/>\n<meta property=\"og:description\" content=\"Aptissen Polska Sp. z o.o.Marynarska 2102-674 WarszawaTelefon: +48669107745E-mail: Skontaktuj si\u0119 z nami Kontakt\" \/>\n<meta property=\"og:url\" content=\"https:\/\/cartylis.com\/pl\/kontakt\/\" \/>\n<meta property=\"og:site_name\" content=\"Cartylis\" \/>\n<meta property=\"article:modified_time\" content=\"2020-10-02T14:56:12+00:00\" \/>\n<meta property=\"og:image\" content=\"https:\/\/cartylis.com\/wp-content\/uploads\/2019\/10\/visu-bas-2.png\" \/>\n<meta name=\"twitter:card\" content=\"summary_large_image\" \/>\n<script type=\"application\/ld+json\" class=\"yoast-schema-graph\">{\"@context\":\"https:\\\/\\\/schema.org\",\"@graph\":[{\"@type\":\"WebPage\",\"@id\":\"https:\\\/\\\/cartylis.com\\\/pl\\\/kontakt\\\/\",\"url\":\"https:\\\/\\\/cartylis.com\\\/pl\\\/kontakt\\\/\",\"name\":\"Kontakt - Cartylis\",\"isPartOf\":{\"@id\":\"https:\\\/\\\/cartylis.com\\\/pl\\\/#website\"},\"primaryImageOfPage\":{\"@id\":\"https:\\\/\\\/cartylis.com\\\/pl\\\/kontakt\\\/#primaryimage\"},\"image\":{\"@id\":\"https:\\\/\\\/cartylis.com\\\/pl\\\/kontakt\\\/#primaryimage\"},\"thumbnailUrl\":\"https:\\\/\\\/cartylis.com\\\/wp-content\\\/uploads\\\/2019\\\/10\\\/visu-bas-2.png\",\"datePublished\":\"2019-10-23T09:19:16+00:00\",\"dateModified\":\"2020-10-02T14:56:12+00:00\",\"breadcrumb\":{\"@id\":\"https:\\\/\\\/cartylis.com\\\/pl\\\/kontakt\\\/#breadcrumb\"},\"inLanguage\":\"pl-PL\",\"potentialAction\":[{\"@type\":\"ReadAction\",\"target\":[\"https:\\\/\\\/cartylis.com\\\/pl\\\/kontakt\\\/\"]}]},{\"@type\":\"ImageObject\",\"inLanguage\":\"pl-PL\",\"@id\":\"https:\\\/\\\/cartylis.com\\\/pl\\\/kontakt\\\/#primaryimage\",\"url\":\"https:\\\/\\\/cartylis.com\\\/wp-content\\\/uploads\\\/2019\\\/10\\\/visu-bas-2.png\",\"contentUrl\":\"https:\\\/\\\/cartylis.com\\\/wp-content\\\/uploads\\\/2019\\\/10\\\/visu-bas-2.png\"},{\"@type\":\"BreadcrumbList\",\"@id\":\"https:\\\/\\\/cartylis.com\\\/pl\\\/kontakt\\\/#breadcrumb\",\"itemListElement\":[{\"@type\":\"ListItem\",\"position\":1,\"name\":\"Home\",\"item\":\"https:\\\/\\\/cartylis.com\\\/pl\\\/\"},{\"@type\":\"ListItem\",\"position\":2,\"name\":\"Kontakt\"}]},{\"@type\":\"WebSite\",\"@id\":\"https:\\\/\\\/cartylis.com\\\/pl\\\/#website\",\"url\":\"https:\\\/\\\/cartylis.com\\\/pl\\\/\",\"name\":\"Cartylis\",\"description\":\"Cartylis\",\"publisher\":{\"@id\":\"https:\\\/\\\/cartylis.com\\\/pl\\\/#organization\"},\"potentialAction\":[{\"@type\":\"SearchAction\",\"target\":{\"@type\":\"EntryPoint\",\"urlTemplate\":\"https:\\\/\\\/cartylis.com\\\/pl\\\/?s={search_term_string}\"},\"query-input\":{\"@type\":\"PropertyValueSpecification\",\"valueRequired\":true,\"valueName\":\"search_term_string\"}}],\"inLanguage\":\"pl-PL\"},{\"@type\":\"Organization\",\"@id\":\"https:\\\/\\\/cartylis.com\\\/pl\\\/#organization\",\"name\":\"Cartylis\",\"url\":\"https:\\\/\\\/cartylis.com\\\/pl\\\/\",\"logo\":{\"@type\":\"ImageObject\",\"inLanguage\":\"pl-PL\",\"@id\":\"https:\\\/\\\/cartylis.com\\\/pl\\\/#\\\/schema\\\/logo\\\/image\\\/\",\"url\":\"https:\\\/\\\/cartylis.com\\\/wp-content\\\/uploads\\\/2019\\\/09\\\/LOGO-HAUT.png\",\"contentUrl\":\"https:\\\/\\\/cartylis.com\\\/wp-content\\\/uploads\\\/2019\\\/09\\\/LOGO-HAUT.png\",\"width\":363,\"height\":89,\"caption\":\"Cartylis\"},\"image\":{\"@id\":\"https:\\\/\\\/cartylis.com\\\/pl\\\/#\\\/schema\\\/logo\\\/image\\\/\"}}]}<\/script>\n<!-- \/ Yoast SEO plugin. -->","yoast_head_json":{"title":"Kontakt - Cartylis","robots":{"index":"index","follow":"follow","max-snippet":"max-snippet:-1","max-image-preview":"max-image-preview:large","max-video-preview":"max-video-preview:-1"},"canonical":"https:\/\/cartylis.com\/pl\/kontakt\/","og_locale":"pl_PL","og_type":"article","og_title":"Kontakt - Cartylis","og_description":"Aptissen Polska Sp. z o.o.Marynarska 2102-674 WarszawaTelefon: +48669107745E-mail: Skontaktuj si\u0119 z nami Kontakt","og_url":"https:\/\/cartylis.com\/pl\/kontakt\/","og_site_name":"Cartylis","article_modified_time":"2020-10-02T14:56:12+00:00","og_image":[{"url":"https:\/\/cartylis.com\/wp-content\/uploads\/2019\/10\/visu-bas-2.png","type":"","width":"","height":""}],"twitter_card":"summary_large_image","schema":{"@context":"https:\/\/schema.org","@graph":[{"@type":"WebPage","@id":"https:\/\/cartylis.com\/pl\/kontakt\/","url":"https:\/\/cartylis.com\/pl\/kontakt\/","name":"Kontakt - Cartylis","isPartOf":{"@id":"https:\/\/cartylis.com\/pl\/#website"},"primaryImageOfPage":{"@id":"https:\/\/cartylis.com\/pl\/kontakt\/#primaryimage"},"image":{"@id":"https:\/\/cartylis.com\/pl\/kontakt\/#primaryimage"},"thumbnailUrl":"https:\/\/cartylis.com\/wp-content\/uploads\/2019\/10\/visu-bas-2.png","datePublished":"2019-10-23T09:19:16+00:00","dateModified":"2020-10-02T14:56:12+00:00","breadcrumb":{"@id":"https:\/\/cartylis.com\/pl\/kontakt\/#breadcrumb"},"inLanguage":"pl-PL","potentialAction":[{"@type":"ReadAction","target":["https:\/\/cartylis.com\/pl\/kontakt\/"]}]},{"@type":"ImageObject","inLanguage":"pl-PL","@id":"https:\/\/cartylis.com\/pl\/kontakt\/#primaryimage","url":"https:\/\/cartylis.com\/wp-content\/uploads\/2019\/10\/visu-bas-2.png","contentUrl":"https:\/\/cartylis.com\/wp-content\/uploads\/2019\/10\/visu-bas-2.png"},{"@type":"BreadcrumbList","@id":"https:\/\/cartylis.com\/pl\/kontakt\/#breadcrumb","itemListElement":[{"@type":"ListItem","position":1,"name":"Home","item":"https:\/\/cartylis.com\/pl\/"},{"@type":"ListItem","position":2,"name":"Kontakt"}]},{"@type":"WebSite","@id":"https:\/\/cartylis.com\/pl\/#website","url":"https:\/\/cartylis.com\/pl\/","name":"Cartylis","description":"Cartylis","publisher":{"@id":"https:\/\/cartylis.com\/pl\/#organization"},"potentialAction":[{"@type":"SearchAction","target":{"@type":"EntryPoint","urlTemplate":"https:\/\/cartylis.com\/pl\/?s={search_term_string}"},"query-input":{"@type":"PropertyValueSpecification","valueRequired":true,"valueName":"search_term_string"}}],"inLanguage":"pl-PL"},{"@type":"Organization","@id":"https:\/\/cartylis.com\/pl\/#organization","name":"Cartylis","url":"https:\/\/cartylis.com\/pl\/","logo":{"@type":"ImageObject","inLanguage":"pl-PL","@id":"https:\/\/cartylis.com\/pl\/#\/schema\/logo\/image\/","url":"https:\/\/cartylis.com\/wp-content\/uploads\/2019\/09\/LOGO-HAUT.png","contentUrl":"https:\/\/cartylis.com\/wp-content\/uploads\/2019\/09\/LOGO-HAUT.png","width":363,"height":89,"caption":"Cartylis"},"image":{"@id":"https:\/\/cartylis.com\/pl\/#\/schema\/logo\/image\/"}}]}},"_links":{"self":[{"href":"https:\/\/cartylis.com\/pl\/wp-json\/wp\/v2\/pages\/851","targetHints":{"allow":["GET"]}}],"collection":[{"href":"https:\/\/cartylis.com\/pl\/wp-json\/wp\/v2\/pages"}],"about":[{"href":"https:\/\/cartylis.com\/pl\/wp-json\/wp\/v2\/types\/page"}],"author":[{"embeddable":true,"href":"https:\/\/cartylis.com\/pl\/wp-json\/wp\/v2\/users\/1"}],"replies":[{"embeddable":true,"href":"https:\/\/cartylis.com\/pl\/wp-json\/wp\/v2\/comments?post=851"}],"version-history":[{"count":11,"href":"https:\/\/cartylis.com\/pl\/wp-json\/wp\/v2\/pages\/851\/revisions"}],"predecessor-version":[{"id":1375,"href":"https:\/\/cartylis.com\/pl\/wp-json\/wp\/v2\/pages\/851\/revisions\/1375"}],"wp:attachment":[{"href":"https:\/\/cartylis.com\/pl\/wp-json\/wp\/v2\/media?parent=851"}],"curies":[{"name":"wp","href":"https:\/\/api.w.org\/{rel}","templated":true}]}}